{"id":1404,"date":"2021-10-27T18:45:10","date_gmt":"2021-10-27T21:45:10","guid":{"rendered":"https:\/\/isfd119-bue.infd.edu.ar\/sitio\/?page_id=1404"},"modified":"2025-10-30T21:59:06","modified_gmt":"2025-10-31T00:59:06","slug":"oferta-educativa","status":"publish","type":"page","link":"https:\/\/isfd119-bue.infd.edu.ar\/sitio\/oferta-educativa\/","title":{"rendered":"OFERTA EDUCATIVA"},"content":{"rendered":"\n<figure class=\"wp-block-video\"><video controls src=\"https:\/\/isfd119-bue.infd.edu.ar\/sitio\/wp-content\/uploads\/2025\/09\/PRESENTACION-WEB.mp4\"><\/video><\/figure>\n\n\n\n<figure class=\"wp-block-gallery has-nested-images columns-default is-cropped wp-block-gallery-1 is-layout-flex\">\n<figure class=\"wp-block-image size-full\"><img decoding=\"async\" loading=\"lazy\" width=\"793\" height=\"1122\" data-id=\"1728\"  src=\"https:\/\/isfd119-bue.infd.edu.ar\/sitio\/wp-content\/uploads\/2025\/10\/2026-1-pag-FOLLETO-inscripcion-Pag-WEB-NO-IMPRESION_1-1.png\" alt=\"\" class=\"wp-image-1728\" srcset=\"https:\/\/isfd119-bue.infd.edu.ar\/sitio\/wp-content\/uploads\/2025\/10\/2026-1-pag-FOLLETO-inscripcion-Pag-WEB-NO-IMPRESION_1-1.png 793w, https:\/\/isfd119-bue.infd.edu.ar\/sitio\/wp-content\/uploads\/2025\/10\/2026-1-pag-FOLLETO-inscripcion-Pag-WEB-NO-IMPRESION_1-1-707x1000.png 707w, https:\/\/isfd119-bue.infd.edu.ar\/sitio\/wp-content\/uploads\/2025\/10\/2026-1-pag-FOLLETO-inscripcion-Pag-WEB-NO-IMPRESION_1-1-768x1087.png 768w\" sizes=\"(max-width: 793px) 100vw, 793px\" \/><\/figure>\n<\/figure>\n\n\n\n<figure class=\"wp-block-image size-full is-resized\"><img decoding=\"async\" loading=\"lazy\" src=\"https:\/\/isfd119-bue.infd.edu.ar\/sitio\/wp-content\/uploads\/2025\/10\/2026-2-pag-FOLLETO-inscripcion-Pag-WEB-NO-IMPRESION_1-1.png\" alt=\"\" class=\"wp-image-1730\" width=\"1019\" height=\"1442\" srcset=\"https:\/\/isfd119-bue.infd.edu.ar\/sitio\/wp-content\/uploads\/2025\/10\/2026-2-pag-FOLLETO-inscripcion-Pag-WEB-NO-IMPRESION_1-1.png 793w, https:\/\/isfd119-bue.infd.edu.ar\/sitio\/wp-content\/uploads\/2025\/10\/2026-2-pag-FOLLETO-inscripcion-Pag-WEB-NO-IMPRESION_1-1-707x1000.png 707w, https:\/\/isfd119-bue.infd.edu.ar\/sitio\/wp-content\/uploads\/2025\/10\/2026-2-pag-FOLLETO-inscripcion-Pag-WEB-NO-IMPRESION_1-1-768x1087.png 768w\" sizes=\"(max-width: 1019px) 100vw, 1019px\" \/><\/figure>\n\n\n\n<figure class=\"wp-block-gallery has-nested-images columns-default is-cropped wp-block-gallery-3 is-layout-flex\">\n<figure class=\"wp-block-image size-full\"><img decoding=\"async\" loading=\"lazy\" width=\"793\" height=\"1122\" data-id=\"1733\"  src=\"https:\/\/isfd119-bue.infd.edu.ar\/sitio\/wp-content\/uploads\/2025\/10\/2026-3-pag-FOLLETO-inscripcion-Pag-WEB-NO-IMPRESION_1-1.png\" alt=\"\" class=\"wp-image-1733\" srcset=\"https:\/\/isfd119-bue.infd.edu.ar\/sitio\/wp-content\/uploads\/2025\/10\/2026-3-pag-FOLLETO-inscripcion-Pag-WEB-NO-IMPRESION_1-1.png 793w, https:\/\/isfd119-bue.infd.edu.ar\/sitio\/wp-content\/uploads\/2025\/10\/2026-3-pag-FOLLETO-inscripcion-Pag-WEB-NO-IMPRESION_1-1-707x1000.png 707w, https:\/\/isfd119-bue.infd.edu.ar\/sitio\/wp-content\/uploads\/2025\/10\/2026-3-pag-FOLLETO-inscripcion-Pag-WEB-NO-IMPRESION_1-1-768x1087.png 768w\" sizes=\"(max-width: 793px) 100vw, 793px\" \/><\/figure>\n<\/figure>\n\n\n\n<figure class=\"wp-block-image size-full is-resized is-style-default\"><img decoding=\"async\" loading=\"lazy\" src=\"https:\/\/isfd119-bue.infd.edu.ar\/sitio\/wp-content\/uploads\/2025\/10\/2026-4-pag-FOLLETO-inscripcion-Pag-WEB-NO-IMPRESION_1-1.png\" alt=\"\" class=\"wp-image-1736\" width=\"1019\" height=\"1441\" srcset=\"https:\/\/isfd119-bue.infd.edu.ar\/sitio\/wp-content\/uploads\/2025\/10\/2026-4-pag-FOLLETO-inscripcion-Pag-WEB-NO-IMPRESION_1-1.png 793w, https:\/\/isfd119-bue.infd.edu.ar\/sitio\/wp-content\/uploads\/2025\/10\/2026-4-pag-FOLLETO-inscripcion-Pag-WEB-NO-IMPRESION_1-1-707x1000.png 707w, https:\/\/isfd119-bue.infd.edu.ar\/sitio\/wp-content\/uploads\/2025\/10\/2026-4-pag-FOLLETO-inscripcion-Pag-WEB-NO-IMPRESION_1-1-768x1087.png 768w\" sizes=\"(max-width: 1019px) 100vw, 1019px\" \/><\/figure>\n\n\n\n<div class=\"wp-block-buttons is-layout-flex\">\n<div class=\"wp-block-button\"><a class=\"wp-block-button__link wp-element-button\" href=\"https:\/\/isfd119-bue.infd.edu.ar\/sitio\/wp-content\/uploads\/2021\/11\/2021-1Programas-PLAN-SECUNDARIA-ECONOMIA-2022.pdf\" target=\"_blank\" rel=\"noreferrer noopener\">PROGRAMA: PROFESORADO en EDUCACI\u00d3N SECUNDARIA en ECONOM\u00cdA <\/a><\/div>\n\n\n\n<div class=\"wp-block-button\"><a class=\"wp-block-button__link wp-element-button\" href=\"https:\/\/isfd119-bue.infd.edu.ar\/sitio\/wp-content\/uploads\/2021\/11\/2021-2Programas-PLAN-LENGUA-Y-LITERATURA-2022.pdf\" target=\"_blank\" rel=\"noreferrer noopener\">PROGRAMA: PROFESORADO en EDUACI\u00d3N SECUNDARIA en LENGUA y LITERATURA<\/a><\/div>\n\n\n\n<div class=\"wp-block-button\"><a class=\"wp-block-button__link wp-element-button\" href=\"https:\/\/isfd119-bue.infd.edu.ar\/sitio\/wp-content\/uploads\/2021\/11\/2021-3Programas-PLAN-ESPECIAL-INTELECTUAL-2022.pdf\" target=\"_blank\" rel=\"noreferrer noopener\">PROGRAMA: PROFESORADO en EDUCACACI\u00d3N ESPECIAL con Especialidad en Discapacidad Intelectual<\/a><\/div>\n\n\n\n<div class=\"wp-block-button\"><a class=\"wp-block-button__link wp-element-button\" href=\"https:\/\/isfd119-bue.infd.edu.ar\/sitio\/wp-content\/uploads\/2021\/11\/2021-4Programas-PLAN-PRIMARIA-2022.pdf\" target=\"_blank\" rel=\"noreferrer noopener\">PROGRAMA: PROFESORADO en EDUCACI\u00d3N PRIMARIA<\/a><\/div>\n\n\n\n<div class=\"wp-block-button\"><a class=\"wp-block-button__link wp-element-button\" href=\"https:\/\/isfd119-bue.infd.edu.ar\/sitio\/wp-content\/uploads\/2021\/11\/2021-5Programas-PLAN-SECUNDARIA-GEOGRAFIA-2022.pdf\" target=\"_blank\" rel=\"noreferrer noopener\">PROGRAMA: PROFESORADO en EDUCACI\u00d3N SECUNDARIA en GEOGRAF\u00cdA<\/a><\/div>\n<\/div>\n\n\n\n<h2 class=\"wp-block-heading alignwide has-text-align-left has-electric-grass-gradient-background has-background has-medium-font-size\"><strong>INGRESANTES al 1er A\u00d1O<\/strong> <\/h2>\n\n\n\n<h2 class=\"wp-block-heading alignwide has-text-align-left has-electric-grass-gradient-background has-background has-medium-font-size\">-Orientaci\u00f3n y Requerimientos <\/h2>\n\n\n\n<h2 class=\"wp-block-heading\"><a rel=\"noreferrer noopener\" href=\"https:\/\/isfd119-bue.infd.edu.ar\/sitio\/wp-content\/uploads\/2023\/11\/0-Orientaciones-para-el-estudiante-2.pdf\" data-type=\"URL\" data-id=\"https:\/\/isfd119-bue.infd.edu.ar\/sitio\/wp-content\/uploads\/2023\/11\/0-Orientaciones-para-el-estudiante-2.pdf\" target=\"_blank\">Orientaciones-para-el-estudiante<\/a> <\/h2>\n\n\n\n<h1 class=\"wp-block-heading alignwide has-text-align-left has-electric-grass-gradient-background has-background has-medium-font-size\" style=\"font-style:normal;font-weight:900\"><strong><em>FORMULARIOS IMPRIMIBLES<\/em><\/strong><\/h1>\n\n\n\n<h2 class=\"wp-block-heading\"><strong><em><mark style=\"background-color:rgba(0, 0, 0, 0);color:#ed1549\" class=\"has-inline-color\">SE SOLICITAN EN MESA DE ENTRADA o BIBLIOTECA<\/mark><\/em><\/strong><\/h2>\n\n\n\n<h5 class=\"wp-block-heading\"><a href=\"https:\/\/isfd119-bue.infd.edu.ar\/sitio\/wp-content\/uploads\/2023\/11\/1-A1-Inscripcion-inicial-119.pdf\">A1-Inscripci\u00f3n-inicial-119<\/a><\/h5>\n\n\n\n<h5 class=\"wp-block-heading\"><a rel=\"noreferrer noopener\" href=\"https:\/\/isfd119-bue.infd.edu.ar\/sitio\/wp-content\/uploads\/2023\/11\/2-A4a-Ficha-foniatrica.pdf\" data-type=\"URL\" data-id=\"https:\/\/isfd119-bue.infd.edu.ar\/sitio\/wp-content\/uploads\/2023\/11\/2-A4a-Ficha-foniatrica.pdf\" target=\"_blank\">A4a-Ficha-foni\u00e1trica<\/a><\/h5>\n\n\n\n<h5 class=\"wp-block-heading\"><a rel=\"noreferrer noopener\" href=\"https:\/\/isfd119-bue.infd.edu.ar\/sitio\/wp-content\/uploads\/2023\/11\/3-A4c-Constancia-de-Aptitud-fonoaudiologica.pdf\" target=\"_blank\">A4c-Constancia-de-Aptitud-fonoaudiol\u00f3gica<\/a><\/h5>\n\n\n\n<h5 class=\"wp-block-heading\"><a rel=\"noreferrer noopener\" href=\"https:\/\/isfd119-bue.infd.edu.ar\/sitio\/wp-content\/uploads\/2023\/11\/4-Apto-Psicofisico-A2-1.pdf\" target=\"_blank\">Apto-Psicof\u00edsico-A2-1<\/a><kbd>(*1)<\/kbd><\/h5>\n\n\n\n<h5 class=\"wp-block-heading alignwide\"><kbd> - <strong>*1<\/strong><\/kbd> &#8211; Este formulario podr\u00e1 ser entregado durante las primeras semanas de comienzo de  cursada.<\/h5>\n\n\n\n<h5 class=\"wp-block-heading\"><a rel=\"noreferrer noopener\" href=\"https:\/\/isfd119-bue.infd.edu.ar\/sitio\/wp-content\/uploads\/2023\/11\/5-PLanillas-de-Matriculacion-119-2024.pdf\" target=\"_blank\">Planillas-de-Matriculaci\u00f3n-119-2024<\/a><\/h5>\n\n\n\n<h5 class=\"wp-block-heading\"><a rel=\"noreferrer noopener\" href=\"https:\/\/isfd119-bue.infd.edu.ar\/sitio\/wp-content\/uploads\/2023\/11\/6-Registro-de-Situacion-Academica-Alumnos-TODOS.pdf\" target=\"_blank\">Registro-de-Situaci\u00f3n-Acad\u00e9mica-Alumnos-TODOS<\/a><\/h5>\n","protected":false},"excerpt":{"rendered":"<p>INGRESANTES al 1er A\u00d1O -Orientaci\u00f3n y Requerimientos Orientaciones-para-el-estudiante FORMULARIOS IMPRIMIBLES SE SOLICITAN EN MESA DE ENTRADA o BIBLIOTECA A1-Inscripci\u00f3n-inicial-119 A4a-Ficha-foni\u00e1trica A4c-Constancia-de-Aptitud-fonoaudiol\u00f3gica Apto-Psicof\u00edsico-A2-1(*1) &#8211; *1 &#8211; Este formulario podr\u00e1 ser entregado durante las primeras semanas de comienzo de cursada. Planillas-de-Matriculaci\u00f3n-119-2024 Registro-de-Situaci\u00f3n-Acad\u00e9mica-Alumnos-TODOS<\/p>\n","protected":false},"author":161,"featured_media":1446,"parent":0,"menu_order":0,"comment_status":"closed","ping_status":"closed","template":"","meta":[],"acf":[],"_links":{"self":[{"href":"https:\/\/isfd119-bue.infd.edu.ar\/sitio\/wp-json\/wp\/v2\/pages\/1404"}],"collection":[{"href":"https:\/\/isfd119-bue.infd.edu.ar\/sitio\/wp-json\/wp\/v2\/pages"}],"about":[{"href":"https:\/\/isfd119-bue.infd.edu.ar\/sitio\/wp-json\/wp\/v2\/types\/page"}],"author":[{"embeddable":true,"href":"https:\/\/isfd119-bue.infd.edu.ar\/sitio\/wp-json\/wp\/v2\/users\/161"}],"replies":[{"embeddable":true,"href":"https:\/\/isfd119-bue.infd.edu.ar\/sitio\/wp-json\/wp\/v2\/comments?post=1404"}],"version-history":[{"count":75,"href":"https:\/\/isfd119-bue.infd.edu.ar\/sitio\/wp-json\/wp\/v2\/pages\/1404\/revisions"}],"predecessor-version":[{"id":1740,"href":"https:\/\/isfd119-bue.infd.edu.ar\/sitio\/wp-json\/wp\/v2\/pages\/1404\/revisions\/1740"}],"wp:featuredmedia":[{"embeddable":true,"href":"https:\/\/isfd119-bue.infd.edu.ar\/sitio\/wp-json\/wp\/v2\/media\/1446"}],"wp:attachment":[{"href":"https:\/\/isfd119-bue.infd.edu.ar\/sitio\/wp-json\/wp\/v2\/media?parent=1404"}],"curies":[{"name":"wp","href":"https:\/\/api.w.org\/{rel}","templated":true}]}}