{"id":773,"date":"2018-08-29T20:36:50","date_gmt":"2018-08-29T23:36:50","guid":{"rendered":"https:\/\/isfd119-bue.infd.edu.ar\/sitio\/profesorado-en-economia-y-gestion\/"},"modified":"2020-04-03T02:27:31","modified_gmt":"2020-04-03T05:27:31","slug":"profesorado-en-economia-y-gestion","status":"publish","type":"page","link":"https:\/\/isfd119-bue.infd.edu.ar\/sitio\/profesorado-en-economia-y-gestion\/","title":{"rendered":"Profesorado en Econom\u00eda y Gesti\u00f3n"},"content":{"rendered":"<p>El Profesorado en Econom\u00eda y Gesti\u00f3n incluye aspectos que responden a necesidades de diversos or\u00edgenes, tanto educativos como contextuales. En el mundo actual, los cambios cient\u00edficos y tecnol\u00f3gicos \u2013que se caracterizan<br \/>\npor ser constantes y vertiginosos- afectan todos los \u00e1mbitos: educativo, social, econ\u00f3mico, productivo, ecol\u00f3gico, entre otros. Esos cambios requieren, de las organizaciones y de las personas, flexibilidad, capacidad de innovaci\u00f3n para recrear el medio, conocimiento para desarrollar competencias nuevas y aptitudes para implementar metodolog\u00edas que posibiliten \u201caprender a aprender\u201d y \u201caprender a emprender\u201d.<br \/>\nEn consecuencia, se pretende formar en esta disciplina, profesionales docentes que comprendan los principales problemas estudiados por la Ciencia Econ\u00f3mica, como Ciencia Social, y el comportamiento de los distintos agentes econ\u00f3micos. Se busca, asimismo, un egresado capaz de participar, intervenir y operar a partir de la apropiaci\u00f3n de contenidos relacionados con procesos econ\u00f3micos y organizacionales, por una parte y, por otra, integrar teor\u00eda y pr\u00e1ctica en procesos propios de distintas organizaciones, adquiriendo as\u00ed competencias para su incorporaci\u00f3n en el<br \/>\nmundo del trabajo. A ello se sumar\u00e1 el reconocimiento de la importancia de la informaci\u00f3n adecuada para la toma de decisiones y la aplicaci\u00f3n solvente de conocimientos tecnol\u00f3gicos y matem\u00e1ticos en el manejo de la perspectiva econ\u00f3mico-organizacional.<br \/>\nConsiderando la futura tarea del alumno, resulta imprescindible la implementaci\u00f3n de metodolog\u00edas que valoricen la interacci\u00f3n grupal como motor de los procesos de ense\u00f1anza y de aprendizaje, la consulta de diversidad de fuentes para una mejor comprensi\u00f3n del objeto de estudio y el aprendizaje significativo. Se espera lograr, as\u00ed, un docente con la capacidad necesaria para operar efectivamente en la transposici\u00f3n did\u00e1ctica de los contenidos.<br \/>\nLos contenidos espec\u00edficos se han organizado en torno de los siguientes ejes:<br \/>\nPerspectiva de la Gesti\u00f3n Organizacional. Involucra en su tem\u00e1tica el desarrollo de conocimientos acerca de teor\u00eda de las organizaciones, sociolog\u00eda, informaci\u00f3n contable y administraci\u00f3n de recursos humanos.<br \/>\nPerspectiva Econ\u00f3mica. Integra contenidos tales como geograf\u00eda econ\u00f3mica, metodolog\u00eda de la investigaci\u00f3n, micro- y macroeconom\u00eda e historia del pensamiento econ\u00f3mico, adem\u00e1s de los fundamentos te\u00f3ricos pertinentes.<br \/>\nPerspectiva Matem\u00e1tica. Con finalidad instrumental, desarrolla cuestiones relacionadas con estad\u00edsticas y finanzas.<br \/>\nPerspectiva Pol\u00edtico-Jur\u00eddica. Da cuenta del ordenamiento pol\u00edtico y normativo de los aspectos laborales y comerciales.<\/p>\n<p style=\"text-align: right;\">Profesorado en Econom\u00eda y Gesti\u00f3n<br \/>\nRes. N\u00b0 13297-99 Modificada<br \/>\npor Res. N\u00b0 3581-00<\/p>\n","protected":false},"excerpt":{"rendered":"<p>El Profesorado en Econom\u00eda y Gesti\u00f3n incluye aspectos que responden a necesidades de diversos or\u00edgenes, tanto educativos como contextuales. En el mundo actual, los cambios cient\u00edficos y tecnol\u00f3gicos \u2013que se caracterizan por ser constantes y vertiginosos- afectan todos los \u00e1mbitos: educativo, social, econ\u00f3mico, productivo, ecol\u00f3gico, entre otros. Esos cambios requieren, de las organizaciones y de &#8230; <a title=\"Profesorado en Econom\u00eda y Gesti\u00f3n\" class=\"read-more\" href=\"https:\/\/isfd119-bue.infd.edu.ar\/sitio\/profesorado-en-economia-y-gestion\/\" aria-label=\"More on Profesorado en Econom\u00eda y Gesti\u00f3n\">[+]<\/a><\/p>\n","protected":false},"author":91,"featured_media":0,"parent":0,"menu_order":0,"comment_status":"closed","ping_status":"closed","template":"","meta":[],"acf":[],"_links":{"self":[{"href":"https:\/\/isfd119-bue.infd.edu.ar\/sitio\/wp-json\/wp\/v2\/pages\/773"}],"collection":[{"href":"https:\/\/isfd119-bue.infd.edu.ar\/sitio\/wp-json\/wp\/v2\/pages"}],"about":[{"href":"https:\/\/isfd119-bue.infd.edu.ar\/sitio\/wp-json\/wp\/v2\/types\/page"}],"author":[{"embeddable":true,"href":"https:\/\/isfd119-bue.infd.edu.ar\/sitio\/wp-json\/wp\/v2\/users\/91"}],"replies":[{"embeddable":true,"href":"https:\/\/isfd119-bue.infd.edu.ar\/sitio\/wp-json\/wp\/v2\/comments?post=773"}],"version-history":[{"count":3,"href":"https:\/\/isfd119-bue.infd.edu.ar\/sitio\/wp-json\/wp\/v2\/pages\/773\/revisions"}],"predecessor-version":[{"id":970,"href":"https:\/\/isfd119-bue.infd.edu.ar\/sitio\/wp-json\/wp\/v2\/pages\/773\/revisions\/970"}],"wp:attachment":[{"href":"https:\/\/isfd119-bue.infd.edu.ar\/sitio\/wp-json\/wp\/v2\/media?parent=773"}],"curies":[{"name":"wp","href":"https:\/\/api.w.org\/{rel}","templated":true}]}}