{"id":792,"date":"2018-08-29T20:36:55","date_gmt":"2018-08-29T23:36:55","guid":{"rendered":"https:\/\/isfd119-bue.infd.edu.ar\/sitio\/autoridades\/"},"modified":"2023-03-07T21:38:28","modified_gmt":"2023-03-08T00:38:28","slug":"autoridades","status":"publish","type":"page","link":"https:\/\/isfd119-bue.infd.edu.ar\/sitio\/autoridades\/","title":{"rendered":"Autoridades"},"content":{"rendered":"<p><span style=\"text-decoration: underline;\"><em><span style=\"color: #cc6600; font-family: arial, helvetica, sans-serif; font-size: 12pt; text-decoration: underline;\"><strong>UNIDAD ACAD\u00c9MICA y NIVEL SUPERIOR<\/strong><\/span><\/em><\/span><\/p>\n<h6>Directora de la UA: Prof. Silvia Mc Inerny<\/h6>\n<h6>Vice Directora UA: Prof. Julieta Torresin<\/h6>\n<h6>Regente: Prof. Rafael Mazzini<\/h6>\n<h6>Secretaria: Prof. M\u00f3nica Rocca<\/h6>\n<h6>Prosecretario: Prof. Ramiro Torresin<\/h6>\n<h6>PRECEPTORES:<\/h6>\n<h6>Profesorado de Educaci\u00f3n Primaria:<\/h6>\n<ul>\n<li>PR\u00a0 Hern\u00e1n Fernandez Cipolla<\/li>\n<\/ul>\n<h6>Profesorado\u00a0de Educaci\u00f3n Especial:<\/h6>\n<ul>\n<li>PR Anal\u00eda Casta\u00f1eda<\/li>\n<\/ul>\n<h6>Profesorado en Econom\u00eda:<\/h6>\n<ul>\n<li>PR Gabriela Oliveros<\/li>\n<\/ul>\n<h6>Profesorado en Lengua y Literatura:<\/h6>\n<ul>\n<li>PR Adriana L\u00f3pez<\/li>\n<\/ul>\n<h6>Profesorado en Geograf\u00eda:<\/h6>\n<ul>\n<li>PR Araceli Rojas<\/li>\n<\/ul>\n<h6>Bibliotecaria: Anal\u00eda Fiorito<\/h6>\n<h6>Encargado de Medios T\u00e9cnico Pedag\u00f3gico: Prof. Gerardo Alvarez<\/h6>\n<h6><span style=\"color: #000000; font-family: arial, helvetica, sans-serif; font-size: 10pt;\"><strong><span style=\"font-family: arial, helvetica, sans-serif;\">\u00a0<\/span><\/strong><\/span><\/h6>\n<address>\u00a0<\/address>\n","protected":false},"excerpt":{"rendered":"<p>UNIDAD ACAD\u00c9MICA y NIVEL SUPERIOR Directora de la UA: Prof. Silvia Mc Inerny Vice Directora UA: Prof. Julieta Torresin Regente: Prof. Rafael Mazzini Secretaria: Prof. M\u00f3nica Rocca Prosecretario: Prof. Ramiro Torresin PRECEPTORES: Profesorado de Educaci\u00f3n Primaria: PR\u00a0 Hern\u00e1n Fernandez Cipolla Profesorado\u00a0de Educaci\u00f3n Especial: PR Anal\u00eda Casta\u00f1eda Profesorado en Econom\u00eda: PR Gabriela Oliveros Profesorado en Lengua &#8230; <a title=\"Autoridades\" class=\"read-more\" href=\"https:\/\/isfd119-bue.infd.edu.ar\/sitio\/autoridades\/\" aria-label=\"More on Autoridades\">[+]<\/a><\/p>\n","protected":false},"author":91,"featured_media":0,"parent":0,"menu_order":0,"comment_status":"closed","ping_status":"closed","template":"","meta":[],"acf":[],"_links":{"self":[{"href":"https:\/\/isfd119-bue.infd.edu.ar\/sitio\/wp-json\/wp\/v2\/pages\/792"}],"collection":[{"href":"https:\/\/isfd119-bue.infd.edu.ar\/sitio\/wp-json\/wp\/v2\/pages"}],"about":[{"href":"https:\/\/isfd119-bue.infd.edu.ar\/sitio\/wp-json\/wp\/v2\/types\/page"}],"author":[{"embeddable":true,"href":"https:\/\/isfd119-bue.infd.edu.ar\/sitio\/wp-json\/wp\/v2\/users\/91"}],"replies":[{"embeddable":true,"href":"https:\/\/isfd119-bue.infd.edu.ar\/sitio\/wp-json\/wp\/v2\/comments?post=792"}],"version-history":[{"count":8,"href":"https:\/\/isfd119-bue.infd.edu.ar\/sitio\/wp-json\/wp\/v2\/pages\/792\/revisions"}],"predecessor-version":[{"id":1521,"href":"https:\/\/isfd119-bue.infd.edu.ar\/sitio\/wp-json\/wp\/v2\/pages\/792\/revisions\/1521"}],"wp:attachment":[{"href":"https:\/\/isfd119-bue.infd.edu.ar\/sitio\/wp-json\/wp\/v2\/media?parent=792"}],"curies":[{"name":"wp","href":"https:\/\/api.w.org\/{rel}","templated":true}]}}