{"id":794,"date":"2018-08-29T20:36:56","date_gmt":"2018-08-29T23:36:56","guid":{"rendered":"https:\/\/isfd119-bue.infd.edu.ar\/sitio\/historia\/"},"modified":"2023-03-06T19:25:23","modified_gmt":"2023-03-06T22:25:23","slug":"historia","status":"publish","type":"page","link":"https:\/\/isfd119-bue.infd.edu.ar\/sitio\/historia\/","title":{"rendered":"Historia"},"content":{"rendered":"<p style=\"text-align: center;\"><span style=\"font-size: 12pt;\"><strong>1910 &#8211; Una historia, muchos caminos\u2026<\/strong><\/span><\/p>\n<table style=\"background-color: #e0fdfe; width: 100%;\" border=\"0\" cellspacing=\"0\" cellpadding=\"0\">\n<tbody>\n<tr>\n<td>\n<div class=\"shape\">\n<p><span style=\"font-size: 10pt;\">\u2026 El contexto de transformaci\u00f3n educativa que marc\u00f3 los pasos de la educaci\u00f3n argentina, ha hecho que nuestra Escuela, no solo est\u00e9 presente brindando aquello para lo cual sus hacedores iniciaron el camino, sino m\u00e1s a\u00fan, ayudando a construir trayectorias escolares y dando forma a nuestra historia; ya no se trata solamente de \u201ceducar al soberano\u201d, hoy m\u00e1s que nunca nuestra Escuela se ha transformado en el v\u00ednculo de filiaci\u00f3n social y cultural &#8230;<\/span><\/p>\n<\/div>\n<\/td>\n<\/tr>\n<\/tbody>\n<\/table>\n<p><span style=\"color: #000000;\">Desde 1910 a la fecha han recorrido el espacio de la Escuela Normal \u201cFray Cayetano Jos\u00e9 Rodriguez, inumerables personas, y de ellas tenemos incalculables recuerdos, an\u00e9cdotas y experiencias cosechadas entre profesores, alumnos, auxiliares, administrativos y familias que han dejado su sello impreso dentro de ella.<\/span><\/p>\n<p><span style=\"color: #000000;\">Cada uno de los espacios atesoran las m\u00e1s valiosas vivencias de quienes formaron y forman parte de esta instituci\u00f3n p\u00fablica, gratuita e\u00a0 igualitaria que impera en la memoria colectiva como s\u00edmbolo de un pa\u00eds que se destaco por hacer de sus establecimientos educativos la cuna en la que se mece la ciudadan\u00eda.<\/span><\/p>\n<p><span style=\"color: #000000;\">Se entrecruzan la tinta china con la era digital, las tizas y el \u201ccuadro de honor\u201d con los libros en fotocopias.<\/span><\/p>\n<p><span style=\"color: #000000;\">Entre 1910 y 1960, comienza a tejerse la historia.<\/span><\/p>\n<p><span style=\"color: #000000;\">Con la visita del Ministro de Justicia e Instrucci\u00f3n P\u00fablica R\u00f3mulo Na\u00f3n, por decreto decreto del Poder Ejecutivo de San Pedro, Pehuaj\u00f3, Tandil y Olavarr\u00eda se fundaron las escuelas normales en el a\u00f1o del centenario de la Revoluci\u00f3n de Mayo. As\u00ed el 14 de abril de 1910, comenzaron las clases en un edificio anterior ubicado en calle Mitre.<\/span><\/p>\n<p><span style=\"color: #000000;\">En 1934, en una asamblea convocada por el Director, un\u00e1nimemente votaron por el nombre Fray Cayetano Jos\u00e9 Rodriguez, en homenaje al sampedrino fil\u00f3sofo, te\u00f3logo, poeta, periodista e insigne patriota y congresista de 1816 durante la declaraci\u00f3n de la Independencia. \u00a0<\/span><\/p>\n<p><span style=\"color: #000000;\">Mediante un decreto del Presidente de la Naci\u00f3n, Manuel de Iriondo Justo acepto este nombre aduciendo a que \u201csu memoria sirva de ejemplo a la juventud que concurre a sus aulas\u201d<\/span><\/p>\n<p><span style=\"color: #000000;\">La escuela iba ganando prestigio y con ello cada vez eran m\u00e1s los aspirantes de la propia localidad y de localidades vecinas, generando la necesidad de realizar la apertura de una nueva divisi\u00f3n, que fue creada con el consentimiento del Presidente con el detalle de que qui\u00e9n se hiciera cargo deber\u00eda hacerlo ad honorem, tal lo expresado en el pedido.<\/span><\/p>\n<p><span style=\"color: #000000;\">En 1935 era el a\u00f1o de las bodas de plata de la escuela, y coincidentemente se termina el nuevo edificio de 2 cuadras cedidas por el Municipio al Gobierno Nacional, que es el actual edificio ubicado en calle Bottaro al 900.<\/span><\/p>\n<p><span style=\"color: #000000;\">En 1960, ya era un problema la falta de vacantes por la creciente demanda que fue aumentando a\u00f1o a a\u00f1o desde su creaci\u00f3n. Durante estos 50 a\u00f1os adem\u00e1s de la creciente demanda, se fueron creando diversas modalidades de estudio con nuevas orientaciones, cambio de planes educativos, entre otros.<\/span><\/p>\n<p><span style=\"color: #000000;\">Con los 50 a\u00f1os de la escuela, se edit\u00f3 un peque\u00f1o gran libro que hoy es un elemento que rescata nuestra historia, contada por el profesor Francisco Giovanelli.<\/span><\/p>\n<p><span style=\"color: #000000;\">Y con los 100 a\u00f1os de la escuela, se organizaron distintas actividades previas y se cerr\u00f3 con un emotivo acto frente a la puerta de la Escuela.<\/span><\/p>\n<p><span style=\"color: #000000;\">Hoy a mas de 120 a\u00f1os, la demanda, la matricula y los egresados siguen aumentado y la escuela contin\u00faa adapt\u00e1ndose a los cambios necesarios para seguir creciendo y mejorando en esta apasionante e inspiradora tarea de educar.<\/span><\/p>\n","protected":false},"excerpt":{"rendered":"<p>1910 &#8211; Una historia, muchos caminos\u2026 \u2026 El contexto de transformaci\u00f3n educativa que marc\u00f3 los pasos de la educaci\u00f3n argentina, ha hecho que nuestra Escuela, no solo est\u00e9 presente brindando aquello para lo cual sus hacedores iniciaron el camino, sino m\u00e1s a\u00fan, ayudando a construir trayectorias escolares y dando forma a nuestra historia; ya no &#8230; <a title=\"Historia\" class=\"read-more\" href=\"https:\/\/isfd119-bue.infd.edu.ar\/sitio\/historia\/\" aria-label=\"More on Historia\">[+]<\/a><\/p>\n","protected":false},"author":91,"featured_media":0,"parent":0,"menu_order":0,"comment_status":"closed","ping_status":"closed","template":"","meta":[],"acf":[],"_links":{"self":[{"href":"https:\/\/isfd119-bue.infd.edu.ar\/sitio\/wp-json\/wp\/v2\/pages\/794"}],"collection":[{"href":"https:\/\/isfd119-bue.infd.edu.ar\/sitio\/wp-json\/wp\/v2\/pages"}],"about":[{"href":"https:\/\/isfd119-bue.infd.edu.ar\/sitio\/wp-json\/wp\/v2\/types\/page"}],"author":[{"embeddable":true,"href":"https:\/\/isfd119-bue.infd.edu.ar\/sitio\/wp-json\/wp\/v2\/users\/91"}],"replies":[{"embeddable":true,"href":"https:\/\/isfd119-bue.infd.edu.ar\/sitio\/wp-json\/wp\/v2\/comments?post=794"}],"version-history":[{"count":4,"href":"https:\/\/isfd119-bue.infd.edu.ar\/sitio\/wp-json\/wp\/v2\/pages\/794\/revisions"}],"predecessor-version":[{"id":1517,"href":"https:\/\/isfd119-bue.infd.edu.ar\/sitio\/wp-json\/wp\/v2\/pages\/794\/revisions\/1517"}],"wp:attachment":[{"href":"https:\/\/isfd119-bue.infd.edu.ar\/sitio\/wp-json\/wp\/v2\/media?parent=794"}],"curies":[{"name":"wp","href":"https:\/\/api.w.org\/{rel}","templated":true}]}}