{"id":817,"date":"2018-08-29T20:37:05","date_gmt":"2018-08-29T23:37:05","guid":{"rendered":"https:\/\/isfd119-bue.infd.edu.ar\/sitio\/carreras\/"},"modified":"2020-04-07T19:50:18","modified_gmt":"2020-04-07T22:50:18","slug":"carreras","status":"publish","type":"page","link":"https:\/\/isfd119-bue.infd.edu.ar\/sitio\/carreras\/","title":{"rendered":"Carreras"},"content":{"rendered":"<p>&nbsp;<\/p>\n<p style=\"text-align: center;\"><span style=\"font-family: arial,helvetica,sans-serif; font-size: 14pt;\"><strong>Informaci\u00f3n General:<\/strong><\/span><\/p>\n<p>&nbsp;<\/p>\n<p>Todas las carreras tienen una duraci\u00f3n de 4 a\u00f1os, modalidad presencial cuyos horarios son de 18:00 a 23:00 hs. dependiendo de la carga horaria de cada a\u00f1o.-<\/p>\n<p>&nbsp;<\/p>\n<p>La acreditaci\u00f3n de los espacios \/ perspectivas \/ asignaturas deber\u00e1 contar con:<\/p>\n<ul>\n<li>El 60 % de asistencia de clases y no menos del 80% del campo de la pr\u00e1ctica.<\/li>\n<li>Dos cierres evaluativos, uno por cada cuatrimestre con una calificaci\u00f3n de 4 o m\u00e1s puntos.<\/li>\n<li>Un cierre evaluativo final una vez aprobada los dos \u00edtems anteriores.<\/li>\n<\/ul>\n<p><span style=\"text-decoration: underline;\">Para la Inscripci\u00f3n:<\/span><\/p>\n<p>Traer:<\/p>\n<ul>\n<li>Planilla de Inscripci\u00f3n (en fotocopiadora Kiosco de la escuela y kiosco enfrente de la escuela).<\/li>\n<li>Fotocopia de T\u00edtulo Nivel Medio \/ Polimodal o constancia de t\u00edtulo en tr\u00e1mite otorgado porla Escuela donde termino estudios<\/li>\n<li>Fotocopia de D.N.I.<\/li>\n<\/ul>\n<p>&nbsp;<\/p>\n<p>PER\u00cdODO de Inscripci\u00f3n:<\/p>\n<p>averiguar en el INSTITUTO.<\/p>\n<p>&nbsp;<\/p>\n<p><strong style=\"font-family: Arial; font-size: medium;\">CARRERAS:<\/strong><\/p>\n<ul>\n<li><strong><a title=\"Plan de estudios\" href=\"index.cgi?wid_item=6&amp;wid_seccion=3\">Profesorado de Educaci\u00f3n Primaria<\/a><\/strong><\/li>\n<li><strong><a title=\"Plan de estudios\" href=\"index.cgi?wid_item=7&amp;wid_seccion=4\">Profesorado de Educaci\u00f3n Especial en Discapacidad Intelectual<\/a><\/strong><\/li>\n<li><strong><a title=\"Plan de Estudios\" href=\"index.cgi?wid_item=21&amp;wid_seccion=17\">Profesorado de Educaci\u00f3n Secundaria en Econom\u00eda <\/a><\/strong><\/li>\n<li><strong><a title=\"Profesorado de Educaci\u00f3n Secunadaria- T\u00e9cnico Profesional\" href=\"upload\/Profesorado_de_Educacion_Secundaria.pdf\" target=\"_blank\" rel=\"noopener\">Profesorado de Educaci\u00f3n Secundaria en Lengua y Literatura<\/a><\/strong><\/li>\n<li><strong><a title=\"Profesorado de Educaci\u00f3n Secunadaria- T\u00e9cnico Profesional\" href=\"upload\/Profesorado_de_Educacion_Secundaria.pdf\" target=\"_blank\" rel=\"noopener\">Profesorado de Educaci\u00f3n Secundaria Geograf\u00eda<\/a><\/strong><\/li>\n<li><strong><a title=\"Profesorado de Educaci\u00f3n Secunadaria- T\u00e9cnico Profesional\" href=\"upload\/Profesorado_de_Educacion_Secundaria.pdf\" target=\"_blank\" rel=\"noopener\">Profesorado de Educaci\u00f3n Secundaria en F\u00edsica<\/a><\/strong><\/li>\n<\/ul>\n","protected":false},"excerpt":{"rendered":"<p>&nbsp; Informaci\u00f3n General: &nbsp; Todas las carreras tienen una duraci\u00f3n de 4 a\u00f1os, modalidad presencial cuyos horarios son de 18:00 a 23:00 hs. dependiendo de la carga horaria de cada a\u00f1o.- &nbsp; La acreditaci\u00f3n de los espacios \/ perspectivas \/ asignaturas deber\u00e1 contar con: El 60 % de asistencia de clases y no menos del &#8230; <a title=\"Carreras\" class=\"read-more\" href=\"https:\/\/isfd119-bue.infd.edu.ar\/sitio\/carreras\/\" aria-label=\"More on Carreras\">[+]<\/a><\/p>\n","protected":false},"author":91,"featured_media":0,"parent":0,"menu_order":0,"comment_status":"closed","ping_status":"closed","template":"","meta":[],"acf":[],"_links":{"self":[{"href":"https:\/\/isfd119-bue.infd.edu.ar\/sitio\/wp-json\/wp\/v2\/pages\/817"}],"collection":[{"href":"https:\/\/isfd119-bue.infd.edu.ar\/sitio\/wp-json\/wp\/v2\/pages"}],"about":[{"href":"https:\/\/isfd119-bue.infd.edu.ar\/sitio\/wp-json\/wp\/v2\/types\/page"}],"author":[{"embeddable":true,"href":"https:\/\/isfd119-bue.infd.edu.ar\/sitio\/wp-json\/wp\/v2\/users\/91"}],"replies":[{"embeddable":true,"href":"https:\/\/isfd119-bue.infd.edu.ar\/sitio\/wp-json\/wp\/v2\/comments?post=817"}],"version-history":[{"count":4,"href":"https:\/\/isfd119-bue.infd.edu.ar\/sitio\/wp-json\/wp\/v2\/pages\/817\/revisions"}],"predecessor-version":[{"id":1199,"href":"https:\/\/isfd119-bue.infd.edu.ar\/sitio\/wp-json\/wp\/v2\/pages\/817\/revisions\/1199"}],"wp:attachment":[{"href":"https:\/\/isfd119-bue.infd.edu.ar\/sitio\/wp-json\/wp\/v2\/media?parent=817"}],"curies":[{"name":"wp","href":"https:\/\/api.w.org\/{rel}","templated":true}]}}